{"id":564,"date":"2020-10-08T18:35:06","date_gmt":"2020-10-08T18:35:06","guid":{"rendered":"http:\/\/encuestas.uc.cl\/?page_id=564"},"modified":"2022-06-22T20:22:38","modified_gmt":"2022-06-22T20:22:38","slug":"descripcion-y-objetivos","status":"publish","type":"page","link":"http:\/\/encuestas.uc.cl\/?page_id=564","title":{"rendered":"Descripci\u00f3n y Objetivos"},"content":{"rendered":"\n<figure class=\"wp-block-image size-full\"><img loading=\"lazy\" decoding=\"async\" width=\"1695\" height=\"526\" src=\"http:\/\/190.14.57.173\/wordpress\/wp-content\/uploads\/2022\/06\/Foto-Ceel-1.jpg\" alt=\"Descripci\u00f3n y Objetivos\" class=\"wp-image-1608\" srcset=\"http:\/\/encuestas.uc.cl\/wp-content\/uploads\/2022\/06\/Foto-Ceel-1.jpg 1695w, http:\/\/encuestas.uc.cl\/wp-content\/uploads\/2022\/06\/Foto-Ceel-1-300x93.jpg 300w, http:\/\/encuestas.uc.cl\/wp-content\/uploads\/2022\/06\/Foto-Ceel-1-1024x318.jpg 1024w, http:\/\/encuestas.uc.cl\/wp-content\/uploads\/2022\/06\/Foto-Ceel-1-768x238.jpg 768w, http:\/\/encuestas.uc.cl\/wp-content\/uploads\/2022\/06\/Foto-Ceel-1-1536x477.jpg 1536w\" sizes=\"auto, (max-width: 1695px) 100vw, 1695px\" \/><\/figure>\n\n\n\n<p>El Centro de Encuestas y Estudios Longitudinales, nace el a\u00f1o 2014 como un espacio multidisciplinario de excelencia, abocado a la investigaci\u00f3n para el desarrollo y la evaluaci\u00f3n de pol\u00edticas p\u00fablicas. Est\u00e1 conformado por un grupo de profesionales de larga trayectoria especialistas en distintas \u00e1reas del conocimiento, tales como educaci\u00f3n, econom\u00eda, psicolog\u00eda y la sociolog\u00eda, con una orientaci\u00f3n com\u00fan hacia el desarrollo de estudios emp\u00edricos a trav\u00e9s de estudios longitudinales en las ciencias sociales, con rigurosidad t\u00e9cnica y un inter\u00e9s en el dise\u00f1o y evaluaci\u00f3n de pol\u00edticas p\u00fablicas, con una perspectiva multidisciplinaria.<\/p>\n\n\n\n<p>El principal objetivo del Centro es generar investigaci\u00f3n emp\u00edrica en base a encuestas y datos de car\u00e1cter longitudinal, desde una perspectiva multidisciplinaria. Para ello incorporar\u00e1 tecnolog\u00eda e innovaci\u00f3n en los procesos y metodolog\u00edas de recolecci\u00f3n y an\u00e1lisis de estad\u00edsticas, permitiendo una perspectiva emp\u00edrica en la observaci\u00f3n social.<\/p>\n\n\n\n<p>El car\u00e1cter longitudinal implica que se trata del seguimiento, v\u00eda encuestas, registros administrativos, e idealmente a trav\u00e9s de ambos, de individuos en el tiempo. Este tipo de datos representan el est\u00e1ndar internacional para el desarrollo de investigaci\u00f3n emp\u00edrica puesto que permite capturar efectos din\u00e1micos asociados a pol\u00edticas o variaciones ex\u00f3genas y posibilita la evaluaci\u00f3n rigurosa de su impacto.<\/p>\n\n\n\n<p>Los datos longitudinales, asimismo, al seguir a un grupo com\u00fan de individuos en el tiempo, son apropiados para la evaluaci\u00f3n de pol\u00edticas y\/o pol\u00edticas p\u00fablica, al permitir contar con datos antes y despu\u00e9s de cambios significativos. Ser\u00e1 as\u00ed que las evaluaciones de impacto ser\u00e1n un t\u00f3pico que atraviese de manera transversal cada una de las \u00e1reas de investigaci\u00f3n que el Centro de Encuestas y estudios Longitudinales abordar\u00e1.<\/p>\n","protected":false},"excerpt":{"rendered":"<p>El Centro de Encuestas y Estudios Longitudinales, nace el a\u00f1o 2014 como un espacio multidisciplinario de excelencia, abocado a la investigaci\u00f3n para el desarrollo y la evaluaci\u00f3n de pol\u00edticas p\u00fablicas. Est\u00e1 conformado por un grupo de profesionales de larga trayectoria &hellip; <a href=\"http:\/\/encuestas.uc.cl\/?page_id=564\">Continuar<\/a><\/p>\n","protected":false},"author":3,"featured_media":0,"parent":0,"menu_order":0,"comment_status":"closed","ping_status":"closed","template":"","meta":{"kt_blocks_editor_width":"","footnotes":""},"class_list":["post-564","page","type-page","status-publish","hentry"],"_links":{"self":[{"href":"http:\/\/encuestas.uc.cl\/index.php?rest_route=\/wp\/v2\/pages\/564","targetHints":{"allow":["GET"]}}],"collection":[{"href":"http:\/\/encuestas.uc.cl\/index.php?rest_route=\/wp\/v2\/pages"}],"about":[{"href":"http:\/\/encuestas.uc.cl\/index.php?rest_route=\/wp\/v2\/types\/page"}],"author":[{"embeddable":true,"href":"http:\/\/encuestas.uc.cl\/index.php?rest_route=\/wp\/v2\/users\/3"}],"replies":[{"embeddable":true,"href":"http:\/\/encuestas.uc.cl\/index.php?rest_route=%2Fwp%2Fv2%2Fcomments&post=564"}],"version-history":[{"count":4,"href":"http:\/\/encuestas.uc.cl\/index.php?rest_route=\/wp\/v2\/pages\/564\/revisions"}],"predecessor-version":[{"id":1617,"href":"http:\/\/encuestas.uc.cl\/index.php?rest_route=\/wp\/v2\/pages\/564\/revisions\/1617"}],"wp:attachment":[{"href":"http:\/\/encuestas.uc.cl\/index.php?rest_route=%2Fwp%2Fv2%2Fmedia&parent=564"}],"curies":[{"name":"wp","href":"https:\/\/api.w.org\/{rel}","templated":true}]}}